{"id":14,"date":"2015-02-20T01:38:06","date_gmt":"2015-02-20T01:38:06","guid":{"rendered":"http:\/\/www.demirel.av.tr\/?page_id=14"},"modified":"2020-01-16T14:22:04","modified_gmt":"2020-01-16T14:22:04","slug":"iletisim","status":"publish","type":"page","link":"https:\/\/www.demirel.av.tr\/index.php\/iletisim\/","title":{"rendered":"\u0130LET\u0130\u015e\u0130M"},"content":{"rendered":"<table>\n<tbody>\n<tr>\n<td width=\"318\">Adres :<\/td>\n<td width=\"318\">Gayrettepe Mah. Y\u0131ld\u0131z Posta Cad. No.26 Ay Y\u0131ld\u0131z Sit. Kat:1 Daire:39 Gayrettepe\/Be\u015fikta\u015f<\/td>\n<\/tr>\n<tr>\n<td width=\"318\">\n<table>\n<tbody>\n<tr>\n<td width=\"318\">Tel :<\/td>\n<\/tr>\n<\/tbody>\n<\/table>\n<p>Fax :<\/p>\n<table>\n<tbody>\n<tr>\n<td width=\"318\"><\/td>\n<\/tr>\n<\/tbody>\n<\/table>\n<p>E-Mail :<\/td>\n<td width=\"318\">0 212 542 00 58<\/p>\n<table>\n<tbody>\n<tr>\n<td width=\"318\"><\/td>\n<\/tr>\n<\/tbody>\n<\/table>\n<table>\n<tbody>\n<tr>\n<td width=\"318\">\u00a0<a title=\"info@demirel.av.tr\" href=\"mailto:info@demirel.av.tr\">info@demirel.av.tr<\/a><\/td>\n<\/tr>\n<\/tbody>\n<\/table>\n<\/td>\n<\/tr>\n<tr>\n<td width=\"318\">Harita :<\/td>\n<td width=\"318\">\u00a0<img loading=\"lazy\" class=\"alignnone wp-image-15 \" src=\"http:\/\/www.demirel.av.tr\/wp-content\/uploads\/harita.png\" alt=\"harita\" width=\"411\" height=\"219\" \/><\/td>\n<\/tr>\n<\/tbody>\n<\/table>\n<p style=\"text-align: center;\">\n","protected":false},"excerpt":{"rendered":"<p>Adres : Gayrettepe Mah. Y\u0131ld\u0131z Posta Cad. No.26 Ay Y\u0131ld\u0131z Sit. Kat:1 Daire:39 Gayrettepe\/Be\u015fikta\u015f Tel : Fax : E-Mail : 0 212 542 00 58 \u00a0info@demirel.av.tr Harita : \u00a0<\/p>\n","protected":false},"author":1,"featured_media":0,"parent":0,"menu_order":0,"comment_status":"open","ping_status":"open","template":"","meta":[],"_links":{"self":[{"href":"https:\/\/www.demirel.av.tr\/index.php\/wp-json\/wp\/v2\/pages\/14"}],"collection":[{"href":"https:\/\/www.demirel.av.tr\/index.php\/wp-json\/wp\/v2\/pages"}],"about":[{"href":"https:\/\/www.demirel.av.tr\/index.php\/wp-json\/wp\/v2\/types\/page"}],"author":[{"embeddable":true,"href":"https:\/\/www.demirel.av.tr\/index.php\/wp-json\/wp\/v2\/users\/1"}],"replies":[{"embeddable":true,"href":"https:\/\/www.demirel.av.tr\/index.php\/wp-json\/wp\/v2\/comments?post=14"}],"version-history":[{"count":12,"href":"https:\/\/www.demirel.av.tr\/index.php\/wp-json\/wp\/v2\/pages\/14\/revisions"}],"predecessor-version":[{"id":140,"href":"https:\/\/www.demirel.av.tr\/index.php\/wp-json\/wp\/v2\/pages\/14\/revisions\/140"}],"wp:attachment":[{"href":"https:\/\/www.demirel.av.tr\/index.php\/wp-json\/wp\/v2\/media?parent=14"}],"curies":[{"name":"wp","href":"https:\/\/api.w.org\/{rel}","templated":true}]}}