{"id":4,"date":"2015-02-20T01:21:08","date_gmt":"2015-02-20T01:21:08","guid":{"rendered":"http:\/\/www.demirel.av.tr\/?page_id=4"},"modified":"2015-02-27T14:22:58","modified_gmt":"2015-02-27T14:22:58","slug":"hakkimizda","status":"publish","type":"page","link":"https:\/\/www.demirel.av.tr\/index.php\/hakkimizda\/","title":{"rendered":"HAKKIMIZDA"},"content":{"rendered":"<p>DEM\u0130REL Hukuk Ofisi olarak; kurucusu Av.\u00d6zbay DEM\u0130REL hukuk sekt\u00f6r\u00fcnde DEM\u0130REL Hukuk ofisi alt\u0131nda web sitemizde yaz\u0131l\u0131 adresimizde hizmet vermekteyiz.<\/p>\n<p>M\u00fcvekkillerimize hukukun her dal\u0131nda, \u00f6zellikle \u0130cra-\u0130flas, Ceza, Ticaret ve \u0130s Davalar\u0131nda hizmet vermekteyiz.<\/p>\n<p>B\u00fcromuzda, ayr\u0131ca Bo\u015fanma, Nafaka, Velayet, Veraset, Gayrimenkul, Kira-Tahliye, Tazminat, \u0130dari Yarg\u0131 ve \u0130\u015f hukukundan kaynaklanan uyu\u015fmazl\u0131klarda davac\u0131 veya daval\u0131 vekilli\u011fi; Ceza Davalar\u0131nda san\u0131k m\u00fcdafii veya m\u00fc\u015fteki vekilli\u011fi; Yabanc\u0131 Mahkemelerde verilmi\u015f ve kesinle\u015fmi\u015f kararlar\u0131n T\u00fcrkiye de tan\u0131t\u0131lmas\u0131 ile \u0130cra Takipleri ve \u015eirketlere Hukuki Dan\u0131\u015fmanl\u0131k Hizmeti verilmektedir.Bu ama\u00e7la;<\/p>\n<p>1.\u015eirketinizce\/\u015fahsn\u0131zca a\u00e7\u0131lacak veya \u015firketiniz\/\u015fahs\u0131n\u0131z aleyhine a\u00e7\u0131lm\u0131\u015f veya a\u00e7\u0131lacak her t\u00fcrl\u00fc davalarda veya \u015firketinizin\/\u015fahs\u0131n\u0131z\u0131n sayg\u0131nl\u0131\u011f\u0131n\u0131 korumaya y\u00f6nelik olarak a\u00e7\u0131lm\u0131\u015f bir davaya m\u00fcdahil olmak gibi, her t\u00fcrl\u00fc davalarda \u015firketinizin\/\u015fahs\u0131n\u0131z\u0131n temsili ; \u0130htilafl\u0131 konularda \u015firketinize\/\u015fahs\u0131n\u0131za hukuki yard\u0131mda bulunmak, bu ama\u00e7la yaz\u0131\u015fmalar, takipler yapmak, davalar a\u00e7mak veya aleyhe a\u00e7\u0131lm\u0131\u015f davalara cevap vermek ve \u015firketiniz\/\u015fahs\u0131n\u0131z\u0131n vekilli\u011fini, T.C. Mahkemeleri, \u0130cra Daireleri, Yarg\u0131tay, Dan\u0131\u015ftay, \u0130dare Mahkemeleri ve Vergi Mahkemeleri nezdinde \u00fcstlenmek, \u015eirketinizin\/\u015fahs\u0131n\u0131z\u0131n her t\u00fcrl\u00fc alacaklar\u0131n\u0131n icra takibi yolu ile tahsili ve icra takiplerinden do\u011fan her t\u00fcrl\u00fc dava, haciz ve sair i\u015flemleri ger\u00e7ekle\u015ftirmek.<\/p>\n<p>Bu anlamda, \u015firketinizin\/\u015fahs\u0131n\u0131z\u0131n piyasadan olan cari hesap, fatura, \u00e7ek, bono vs.den kaynaklanan alacaklar\u0131n\u0131n \u0130cra ve \u0130flas Hukuku gere\u011fi yasal takibini yapmak ve bu u\u011furda gerekli yasal i\u015flemlerin tamam\u0131n\u0131 yerine getirmek suretiyle tahsilat\u0131n\u0131 yaparak derhal \u015firket\/\u015fah\u0131s hesaplar\u0131na ge\u00e7mesini sa\u011flamak. Tahsilat imkans\u0131zl\u0131\u011f\u0131 halinde a\u00e7\u0131lacak ceza davalar\u0131n\u0131n takibini yapmak ve gerek duyulursa aciz belgesine ba\u011flamak ve bu suretle \u015firketin\/\u015fahs\u0131n\u0131z\u0131n y\u0131l sonu vergi avantaj\u0131 elde etmesine \u00e7al\u0131\u015fmakt\u0131r Bu hizmetlerimizle, \u015firketinizin\/\u015fahs\u0131n\u0131z\u0131n i\u015ftigal konusu ve sair t\u00fcm i\u015flerinin sa\u011fl\u0131kl\u0131 bir hukuki s\u00fcre\u00e7te i\u015flemesi i\u00e7in, gerekli hukuki denetimler ve incelemeler yap\u0131lmakta, t\u00fcm belgeler ve s\u00fcre\u00e7 incelenmekte, eksik veya hatal\u0131 olanlar revize edilmekte, olmayanlar ise taraf\u0131m\u0131zca haz\u0131rlamakta ve uygulama kontrol edilmektedir.<\/p>\n<p>Bu \u00e7al\u0131\u015fmalarla \u015firketinizde\/\u015fahs\u0131n\u0131zda g\u00fcvenli bir hukuki altyap\u0131 kurulmas\u0131, hukuki ihtilaf say\u0131s\u0131n\u0131n en aza indirilmesi ve kar\u015f\u0131la\u015f\u0131lan ihtilaflarda \u015firket\/\u015fah\u0131s menfaatlerinin azami \u00f6l\u00e7\u00fclerde korunmas\u0131 ama\u00e7lanmaktad\u0131r. Bu \u00e7al\u0131\u015fmada nihai ama\u00e7 \u015firket\/\u015fah\u0131s \u00fczerinde olu\u015fturulacak hukuki koruma \u015femsiyesi ile ihtilaflar olu\u015fmadan evvel bir nevi koruyucu hekimlik g\u00f6revi \u00fcstlenmek ve sizlere koruyucu avukatl\u0131k ve hukuk hizmeti verebilmek bu suretle \u015firketlerinizin\/\u015fahs\u0131n\u0131z\u0131n sa\u011fl\u0131kl\u0131 geli\u015fmesine bug\u00fcn\u00fcne ve yar\u0131n\u0131na en \u00fcst d\u00fczeyde katk\u0131 yapabilmektir.<\/p>\n<p>\u00d6zetlemek gerekirse ; DEM\u0130REL Hukuk B\u00fcrosu olarak, \u015firketinizin\/\u015fahs\u0131n\u0131z\u0131n hukuki a\u00e7\u0131dan her t\u00fcrl\u00fc ihtiya\u00e7lar\u0131n\u0131 maksimum d\u00fczeyde kar\u015f\u0131lamak, ve hukuk m\u00fc\u015favirlerinden istenen t\u00fcm beklentilerine cevap vermeye \u00e7al\u0131\u015fmak, bu anlamda ekonomik ve ticari a\u00e7\u0131dan \u015firketinizin\/\u015fahs\u0131n\u0131z\u0131n geli\u015fmesine katk\u0131da bulunmak temel felsefemizdir.<\/p>\n<p>Bu nedenle Hukuk b\u00fcromuz her zaman yeni fikirlere a\u00e7\u0131k ve de\u011fi\u015fimi s\u00fcrekli olarak takip eden ve teknolojiyi sonuna kadar kullanmaya \u00e7al\u0131\u015fan bir hukuk b\u00fcrosu olarak, m\u00fcvekkillerine en h\u0131zl\u0131 ve do\u011fru bilgiyi, g\u00fcvenilir bir \u015fekilde ula\u015ft\u0131rmay\u0131 ve m\u00fcvekkillerine kar\u015f\u0131 her y\u00f6nden \u015feffafl\u0131\u011f\u0131 sa\u011flarken, d\u0131\u015far\u0131ya kar\u015f\u0131 da \u015firketinizin\/\u015fahs\u0131n\u0131z\u0131n s\u0131rlar\u0131n\u0131 korumay\u0131 \u00f6ncelikli ilke edinmi\u015ftir.<\/p>\n<p>\u015eirketinize\/\u015fahs\u0131n\u0131za hukuk ofisimiz olarak d\u0131\u015far\u0131dan yapaca\u011f\u0131m\u0131z bu hizmetlerle as\u0131l amac\u0131m\u0131z her daim \u015firket\/\u015fahs\u0131n\u0131z\u0131n sayg\u0131nl\u0131\u011f\u0131n\u0131 korumak, hukuksal koruma \u015femsiyesi olu\u015fturarak \u015firketinizin\/\u015fahs\u0131n\u0131z\u0131n bug\u00fcn\u00fcne ve yar\u0131n\u0131na en \u00fcst d\u00fczeyde katk\u0131 sa\u011flamakt\u0131r.<\/p>\n<p>Sayg\u0131lar\u0131mla<\/p>\n<p>Av.\u00d6zbay DEM\u0130REL<\/p>\n","protected":false},"excerpt":{"rendered":"<p>DEM\u0130REL Hukuk Ofisi olarak; kurucusu Av.\u00d6zbay DEM\u0130REL hukuk sekt\u00f6r\u00fcnde DEM\u0130REL Hukuk ofisi alt\u0131nda web sitemizde yaz\u0131l\u0131 adresimizde hizmet vermekteyiz. M\u00fcvekkillerimize hukukun her dal\u0131nda, \u00f6zellikle \u0130cra-\u0130flas, Ceza, Ticaret ve \u0130s Davalar\u0131nda hizmet vermekteyiz. B\u00fcromuzda, ayr\u0131ca Bo\u015fanma, Nafaka, Velayet, Veraset, Gayrimenkul, Kira-Tahliye, Tazminat, \u0130dari Yarg\u0131 ve \u0130\u015f hukukundan kaynaklanan uyu\u015fmazl\u0131klarda davac\u0131 veya daval\u0131 vekilli\u011fi; Ceza Davalar\u0131nda san\u0131k [&hellip;]<\/p>\n","protected":false},"author":1,"featured_media":0,"parent":0,"menu_order":0,"comment_status":"open","ping_status":"open","template":"","meta":[],"_links":{"self":[{"href":"https:\/\/www.demirel.av.tr\/index.php\/wp-json\/wp\/v2\/pages\/4"}],"collection":[{"href":"https:\/\/www.demirel.av.tr\/index.php\/wp-json\/wp\/v2\/pages"}],"about":[{"href":"https:\/\/www.demirel.av.tr\/index.php\/wp-json\/wp\/v2\/types\/page"}],"author":[{"embeddable":true,"href":"https:\/\/www.demirel.av.tr\/index.php\/wp-json\/wp\/v2\/users\/1"}],"replies":[{"embeddable":true,"href":"https:\/\/www.demirel.av.tr\/index.php\/wp-json\/wp\/v2\/comments?post=4"}],"version-history":[{"count":3,"href":"https:\/\/www.demirel.av.tr\/index.php\/wp-json\/wp\/v2\/pages\/4\/revisions"}],"predecessor-version":[{"id":78,"href":"https:\/\/www.demirel.av.tr\/index.php\/wp-json\/wp\/v2\/pages\/4\/revisions\/78"}],"wp:attachment":[{"href":"https:\/\/www.demirel.av.tr\/index.php\/wp-json\/wp\/v2\/media?parent=4"}],"curies":[{"name":"wp","href":"https:\/\/api.w.org\/{rel}","templated":true}]}}