{"id":6,"date":"2015-02-20T01:24:07","date_gmt":"2015-02-20T01:24:07","guid":{"rendered":"http:\/\/www.demirel.av.tr\/?page_id=6"},"modified":"2015-02-20T01:25:02","modified_gmt":"2015-02-20T01:25:02","slug":"vizyonumuz","status":"publish","type":"page","link":"https:\/\/www.demirel.av.tr\/index.php\/vizyonumuz\/","title":{"rendered":"V\u0130ZYONUMUZ"},"content":{"rendered":"<p>G\u00fcvenilir, yenilik\u00e7i, \u00e7a\u011fda\u015f ve geli\u015fmeleri yak\u0131ndan takip eden bir vizyonda adaletin sa\u011flanmas\u0131na ve her alanda hukukun \u00fcst\u00fcnl\u00fc\u011f\u00fcn\u00fcn egemen olmas\u0131na katk\u0131da bulunmakt\u0131r, Hedeflerini s\u00fcrekli b\u00fcy\u00fcten Demirel\u00a0Hukuk B\u00fcrosu bunun i\u00e7in son teknoloji ekipmanlar\u0131 kullanmakta, personelini bu vizyon do\u011frultusunda s\u00fcrekli e\u011fitime tabi tutmaktad\u0131r.<\/p>\n","protected":false},"excerpt":{"rendered":"<p>G\u00fcvenilir, yenilik\u00e7i, \u00e7a\u011fda\u015f ve geli\u015fmeleri yak\u0131ndan takip eden bir vizyonda adaletin sa\u011flanmas\u0131na ve her alanda hukukun \u00fcst\u00fcnl\u00fc\u011f\u00fcn\u00fcn egemen olmas\u0131na katk\u0131da bulunmakt\u0131r, Hedeflerini s\u00fcrekli b\u00fcy\u00fcten Demirel\u00a0Hukuk B\u00fcrosu bunun i\u00e7in son teknoloji ekipmanlar\u0131 kullanmakta, personelini bu vizyon do\u011frultusunda s\u00fcrekli e\u011fitime tabi tutmaktad\u0131r.<\/p>\n","protected":false},"author":1,"featured_media":0,"parent":0,"menu_order":0,"comment_status":"open","ping_status":"open","template":"","meta":[],"_links":{"self":[{"href":"https:\/\/www.demirel.av.tr\/index.php\/wp-json\/wp\/v2\/pages\/6"}],"collection":[{"href":"https:\/\/www.demirel.av.tr\/index.php\/wp-json\/wp\/v2\/pages"}],"about":[{"href":"https:\/\/www.demirel.av.tr\/index.php\/wp-json\/wp\/v2\/types\/page"}],"author":[{"embeddable":true,"href":"https:\/\/www.demirel.av.tr\/index.php\/wp-json\/wp\/v2\/users\/1"}],"replies":[{"embeddable":true,"href":"https:\/\/www.demirel.av.tr\/index.php\/wp-json\/wp\/v2\/comments?post=6"}],"version-history":[{"count":2,"href":"https:\/\/www.demirel.av.tr\/index.php\/wp-json\/wp\/v2\/pages\/6\/revisions"}],"predecessor-version":[{"id":8,"href":"https:\/\/www.demirel.av.tr\/index.php\/wp-json\/wp\/v2\/pages\/6\/revisions\/8"}],"wp:attachment":[{"href":"https:\/\/www.demirel.av.tr\/index.php\/wp-json\/wp\/v2\/media?parent=6"}],"curies":[{"name":"wp","href":"https:\/\/api.w.org\/{rel}","templated":true}]}}