{"id":9,"date":"2015-02-20T01:26:35","date_gmt":"2015-02-20T01:26:35","guid":{"rendered":"http:\/\/www.demirel.av.tr\/?page_id=9"},"modified":"2015-02-20T01:26:35","modified_gmt":"2015-02-20T01:26:35","slug":"misyonumuz","status":"publish","type":"page","link":"https:\/\/www.demirel.av.tr\/index.php\/misyonumuz\/","title":{"rendered":"M\u0130SYONUMUZ"},"content":{"rendered":"<p>&nbsp;<\/p>\n<p>Hukukun \u00fcst\u00fcnl\u00fc\u011f\u00fc, gizlilik, profesyonellik ve kalite prensipleri \u00e7er\u00e7evesinde, m\u00fcvekkillerimizi ve T\u00fcrk hukukunu, yurti\u00e7inde ve yurtd\u0131\u015f\u0131nda en iyi \u015fekilde temsil etmek; hukukun genel prensiplerine uygun uzla\u015fma y\u00f6ntemleriyle, hukuki ili\u015fkiler kurulurken ve devam\u0131nda\u00a0 ortaya \u00e7\u0131kabilecek sorunlar\u0131 \u00e7\u00f6z\u00fcme kavu\u015fturmakt\u0131r.<\/p>\n","protected":false},"excerpt":{"rendered":"<p>&nbsp; Hukukun \u00fcst\u00fcnl\u00fc\u011f\u00fc, gizlilik, profesyonellik ve kalite prensipleri \u00e7er\u00e7evesinde, m\u00fcvekkillerimizi ve T\u00fcrk hukukunu, yurti\u00e7inde ve yurtd\u0131\u015f\u0131nda en iyi \u015fekilde temsil etmek; hukukun genel prensiplerine uygun uzla\u015fma y\u00f6ntemleriyle, hukuki ili\u015fkiler kurulurken ve devam\u0131nda\u00a0 ortaya \u00e7\u0131kabilecek sorunlar\u0131 \u00e7\u00f6z\u00fcme kavu\u015fturmakt\u0131r.<\/p>\n","protected":false},"author":1,"featured_media":0,"parent":0,"menu_order":0,"comment_status":"open","ping_status":"open","template":"","meta":[],"_links":{"self":[{"href":"https:\/\/www.demirel.av.tr\/index.php\/wp-json\/wp\/v2\/pages\/9"}],"collection":[{"href":"https:\/\/www.demirel.av.tr\/index.php\/wp-json\/wp\/v2\/pages"}],"about":[{"href":"https:\/\/www.demirel.av.tr\/index.php\/wp-json\/wp\/v2\/types\/page"}],"author":[{"embeddable":true,"href":"https:\/\/www.demirel.av.tr\/index.php\/wp-json\/wp\/v2\/users\/1"}],"replies":[{"embeddable":true,"href":"https:\/\/www.demirel.av.tr\/index.php\/wp-json\/wp\/v2\/comments?post=9"}],"version-history":[{"count":1,"href":"https:\/\/www.demirel.av.tr\/index.php\/wp-json\/wp\/v2\/pages\/9\/revisions"}],"predecessor-version":[{"id":11,"href":"https:\/\/www.demirel.av.tr\/index.php\/wp-json\/wp\/v2\/pages\/9\/revisions\/11"}],"wp:attachment":[{"href":"https:\/\/www.demirel.av.tr\/index.php\/wp-json\/wp\/v2\/media?parent=9"}],"curies":[{"name":"wp","href":"https:\/\/api.w.org\/{rel}","templated":true}]}}